{"id":76,"date":"2024-10-11T00:45:42","date_gmt":"2024-10-11T00:45:42","guid":{"rendered":"http:\/\/localhost:8888\/zlatarnakorzo\/?page_id=76"},"modified":"2026-03-17T02:23:37","modified_gmt":"2026-03-17T02:23:37","slug":"o-nama","status":"publish","type":"page","link":"https:\/\/zlatarnakorzo.ba\/?page_id=76","title":{"rendered":"O nama"},"content":{"rendered":"\t\t<div data-elementor-type=\"wp-page\" data-elementor-id=\"76\" class=\"elementor elementor-76\" data-elementor-post-type=\"page\">\n\t\t\t\t<div class=\"elementor-element elementor-element-e6357ba e-flex e-con-boxed e-con e-parent\" data-id=\"e6357ba\" data-element_type=\"container\" data-e-type=\"container\">\n\t\t\t\t\t<div class=\"e-con-inner\">\n\t\t<div class=\"elementor-element elementor-element-c9912d9 e-con-full e-flex e-con e-child\" data-id=\"c9912d9\" data-element_type=\"container\" data-e-type=\"container\">\n\t\t\t\t<div class=\"elementor-element elementor-element-f2b3916 elementor-widget elementor-widget-image\" data-id=\"f2b3916\" data-element_type=\"widget\" data-e-type=\"widget\" data-widget_type=\"image.default\">\n\t\t\t\t<div class=\"elementor-widget-container\">\n\t\t\t\t\t\t\t\t\t\t\t\t\t\t\t<img fetchpriority=\"high\" decoding=\"async\" width=\"1500\" height=\"809\" src=\"https:\/\/zlatarnakorzo.ba\/wp-content\/uploads\/2024\/10\/KorzoONama.jpg\" class=\"attachment-full size-full wp-image-1291\" alt=\"\" srcset=\"https:\/\/zlatarnakorzo.ba\/wp-content\/uploads\/2024\/10\/KorzoONama.jpg 1500w, https:\/\/zlatarnakorzo.ba\/wp-content\/uploads\/2024\/10\/KorzoONama-600x324.jpg 600w, https:\/\/zlatarnakorzo.ba\/wp-content\/uploads\/2024\/10\/KorzoONama-300x162.jpg 300w, https:\/\/zlatarnakorzo.ba\/wp-content\/uploads\/2024\/10\/KorzoONama-1024x552.jpg 1024w, https:\/\/zlatarnakorzo.ba\/wp-content\/uploads\/2024\/10\/KorzoONama-768x414.jpg 768w\" sizes=\"(max-width: 1500px) 100vw, 1500px\" \/>\t\t\t\t\t\t\t\t\t\t\t\t\t\t\t<\/div>\n\t\t\t\t<\/div>\n\t\t\t\t<\/div>\n\t\t<div class=\"elementor-element elementor-element-409a714 e-con-full e-flex e-con e-child\" data-id=\"409a714\" data-element_type=\"container\" data-e-type=\"container\">\n\t\t\t\t<div class=\"elementor-element elementor-element-2fd44c6 elementor-widget elementor-widget-heading\" data-id=\"2fd44c6\" data-element_type=\"widget\" data-e-type=\"widget\" data-widget_type=\"heading.default\">\n\t\t\t\t<div class=\"elementor-widget-container\">\n\t\t\t\t\t<h2 class=\"elementor-heading-title elementor-size-default\">Na\u0161a pri\u010da<\/h2>\t\t\t\t<\/div>\n\t\t\t\t<\/div>\n\t\t\t\t<div class=\"elementor-element elementor-element-11a40ae elementor-widget elementor-widget-text-editor\" data-id=\"11a40ae\" data-element_type=\"widget\" data-e-type=\"widget\" data-widget_type=\"text-editor.default\">\n\t\t\t\t<div class=\"elementor-widget-container\">\n\t\t\t\t\t\t\t\t\t<p><a href=\"https:\/\/www.google.com\/search?q=zlatarna+korzo&amp;client=firefox-b-d&amp;hs=xEmU&amp;sca_esv=2655d2f286957cb7&amp;sxsrf=ANbL-n4OEhqOOuf5gRhvMc2-Fy447yV8wA%253A1772408625080&amp;ei=Mc-kadrQBJrwwPAPn_nbyQY&amp;biw=1920&amp;bih=955&amp;ved=0ahUKEwiarfrT8P-SAxUaOBAIHZ_8NmkQ4dUDCBE&amp;uact=5&amp;oq=zlatarna+korzo&amp;gs_lp=Egxnd3Mtd2l6LXNlcnAiDnpsYXRhcm5hIGtvcnpvMgoQIxiABBgnGIoFMgQQIxgnMgoQIxiABBgnGIoFMgQQABgeMgQQABgeMgQQABgeMgQQABgeMgQQABgeMgQQABgeMgQQABgeSNwaUIgYWIgYcAN4AZABAJgBnwKgAZ8CqgEDMi0xuAEDyAEA-AEBmAIEoALGAsICChAAGLADGNYEGEeYAwCIBgGQBgiSBwUzLjAuMaAHvgiyBwMyLTG4B6YCwgcDMi00yAccgAgA&amp;sclient=gws-wiz-serp\">ZLATARNA KORZO<\/a> njeguje tradiciju izrade nakita od 1972. godine, pod vodstvom izvornih osniva\u010da koji su posve\u0107eni kreiranju komada koji spajaju naslje\u0111e i suvremeni dizajn. Na\u0161a posve\u0107enost kvaliteti i jedinstvenom stilu o\u010dituje se u svakom komadu, stvaraju\u0107i prepoznatljiv estetski potpis priznat \u0161irom svijeta. Kroz vi\u0161e od 50 godina iskustva, kombiniramo tradiciju i modernu eleganciju, donose\u0107i jedinstvene kreacije za svaku priliku.<\/p>\t\t\t\t\t\t\t\t<\/div>\n\t\t\t\t<\/div>\n\t\t\t\t<\/div>\n\t\t\t\t\t<\/div>\n\t\t\t\t<\/div>\n\t\t<div class=\"elementor-element elementor-element-78a0bfd e-flex e-con-boxed e-con e-parent\" data-id=\"78a0bfd\" data-element_type=\"container\" data-e-type=\"container\">\n\t\t\t\t\t<div class=\"e-con-inner\">\n\t\t<div class=\"elementor-element elementor-element-0a834ce e-con-full e-flex e-con e-child\" data-id=\"0a834ce\" data-element_type=\"container\" data-e-type=\"container\">\n\t\t\t\t<div class=\"elementor-element elementor-element-3f86920 elementor-widget elementor-widget-image\" data-id=\"3f86920\" data-element_type=\"widget\" data-e-type=\"widget\" data-widget_type=\"image.default\">\n\t\t\t\t<div class=\"elementor-widget-container\">\n\t\t\t\t\t\t\t\t\t\t\t\t\t\t\t<img decoding=\"async\" width=\"680\" height=\"480\" src=\"https:\/\/zlatarnakorzo.ba\/wp-content\/uploads\/2026\/03\/Slike-ZLATARNA-korzo-OLD-01.webp\" class=\"attachment-full size-full wp-image-3337\" alt=\"Zlatarna Korzo 1972\" srcset=\"https:\/\/zlatarnakorzo.ba\/wp-content\/uploads\/2026\/03\/Slike-ZLATARNA-korzo-OLD-01.webp 680w, https:\/\/zlatarnakorzo.ba\/wp-content\/uploads\/2026\/03\/Slike-ZLATARNA-korzo-OLD-01-300x212.webp 300w, https:\/\/zlatarnakorzo.ba\/wp-content\/uploads\/2026\/03\/Slike-ZLATARNA-korzo-OLD-01-600x424.webp 600w\" sizes=\"(max-width: 680px) 100vw, 680px\" \/>\t\t\t\t\t\t\t\t\t\t\t\t\t\t\t<\/div>\n\t\t\t\t<\/div>\n\t\t\t\t<\/div>\n\t\t<div class=\"elementor-element elementor-element-0badba0 e-con-full e-flex e-con e-child\" data-id=\"0badba0\" data-element_type=\"container\" data-e-type=\"container\">\n\t\t\t\t<div class=\"elementor-element elementor-element-8477075 elementor-widget elementor-widget-heading\" data-id=\"8477075\" data-element_type=\"widget\" data-e-type=\"widget\" data-widget_type=\"heading.default\">\n\t\t\t\t<div class=\"elementor-widget-container\">\n\t\t\t\t\t<h2 class=\"elementor-heading-title elementor-size-default\">Na\u0161a misija<\/h2>\t\t\t\t<\/div>\n\t\t\t\t<\/div>\n\t\t\t\t<div class=\"elementor-element elementor-element-6fc948d elementor-widget elementor-widget-text-editor\" data-id=\"6fc948d\" data-element_type=\"widget\" data-e-type=\"widget\" data-widget_type=\"text-editor.default\">\n\t\t\t\t<div class=\"elementor-widget-container\">\n\t\t\t\t\t\t\t\t\t<p>Na\u0161a misija je kreiranje vi\u0161eslojnog i svestranog nakita koji \u0107e vas podi\u0107i i dodati sjaj va\u0161em danu kada vam je najpotrebniji. Ponosni smo na na\u0161u bogatu obrtni\u010dku tradiciju, koju s ljubavlju unosimo u svaki<a href=\"https:\/\/zlatarnakorzo.ba\/?product_cat=burme\"> komad nakita,<\/a> prilago\u0111avaju\u0107i ga savremenim trendovima. Na\u0161i ru\u010dno izra\u0111eni dizajni ne nalaze se na masovnom tr\u017ei\u0161tu, ve\u0107 ih biraju oni koji vole o\u010daravaju\u0107e i unikatne komade. Nadamo se da \u0107e na\u0161 nakit nastaviti nadahnjivati sve koji se usu\u0111uju eksperimentisati sa svojim stilom.<\/p><p><a href=\"https:\/\/www.google.com\/search?q=zlatarna+korzo&amp;client=firefox-b-d&amp;hs=xEmU&amp;sca_esv=2655d2f286957cb7&amp;sxsrf=ANbL-n4OEhqOOuf5gRhvMc2-Fy447yV8wA%253A1772408625080&amp;ei=Mc-kadrQBJrwwPAPn_nbyQY&amp;biw=1920&amp;bih=955&amp;ved=0ahUKEwiarfrT8P-SAxUaOBAIHZ_8NmkQ4dUDCBE&amp;uact=5&amp;oq=zlatarna+korzo&amp;gs_lp=Egxnd3Mtd2l6LXNlcnAiDnpsYXRhcm5hIGtvcnpvMgoQIxiABBgnGIoFMgQQIxgnMgoQIxiABBgnGIoFMgQQABgeMgQQABgeMgQQABgeMgQQABgeMgQQABgeMgQQABgeMgQQABgeSNwaUIgYWIgYcAN4AZABAJgBnwKgAZ8CqgEDMi0xuAEDyAEA-AEBmAIEoALGAsICChAAGLADGNYEGEeYAwCIBgGQBgiSBwUzLjAuMaAHvgiyBwMyLTG4B6YCwgcDMi00yAccgAgA&amp;sclient=gws-wiz-serp\"><strong>ZLATARNA KORZO<\/strong><\/a> \u2013 Nakit koji \u0107e vas uvijek razveseliti.<\/p>\t\t\t\t\t\t\t\t<\/div>\n\t\t\t\t<\/div>\n\t\t\t\t<\/div>\n\t\t\t\t\t<\/div>\n\t\t\t\t<\/div>\n\t\t<div class=\"elementor-element elementor-element-f62e9eb e-flex e-con-boxed e-con e-parent\" data-id=\"f62e9eb\" data-element_type=\"container\" data-e-type=\"container\">\n\t\t\t\t\t<div class=\"e-con-inner\">\n\t\t\t\t<div class=\"elementor-element elementor-element-ec48b12 elementor-widget elementor-widget-global elementor-global-3764 elementor-widget-html\" data-id=\"ec48b12\" data-element_type=\"widget\" data-e-type=\"widget\" data-widget_type=\"html.default\">\n\t\t\t\t<div class=\"elementor-widget-container\">\n\t\t\t\t\t<div class=\"luxury-full-width-shimmer-compact\" id=\"locator-section-fix\">\n    <div class=\"full-gold-line-compact\"><\/div>\n    \n    <div class=\"content-wrap-compact\">\n        <h2 class=\"shimmer-gold-ultra-compact\" id=\"shimmer-gold-text\">LOKATOR TRGOVINE<\/h2>\n        <p class=\"premium-sub-ultra-compact\" id=\"shimmer-sub-text\">PRONA\u0110ITE NA\u0160A PRODAJNA MJESTA \u0160IROM BIH<\/p>\n    <\/div>\n\n    <div class=\"full-gold-line-compact bottom-compact\"><\/div>\n<\/div>\n\n<style>\n\/* 1. REPARIRANI SHIMMER EFEKAT *\/\n#locator-section-fix #shimmer-gold-text.shimmer-gold-ultra-compact {\n    font-family: 'Playfair Display', serif !important;\n    font-size: 3.5rem !important; \n    font-weight: 400 !important;\n    letter-spacing: 15px !important; \/* Smanjeno radi stabilnosti na manjim ekranima *\/\n    text-transform: uppercase !important;\n    margin: 0 !important;\n    padding: 10px 0 !important;\n    display: inline-block !important; \/* Promijenjeno u inline-block za bolji clip *\/\n    width: 100%;\n    \n    \/* GRADIENT KOJI SE POKRE\u0106E - POJA\u010cAN KONTRAST *\/\n    background: linear-gradient(\n        to right, \n        #a67c00 20%, \n        #d4b88d 40%, \n        #ffffff 50%, \n        #d4b88d 60%, \n        #a67c00 80%\n    ) !important;\n    background-size: 200% auto !important;\n    \n    \/* CLIP SEKCIJA *\/\n    -webkit-background-clip: text !important;\n    background-clip: text !important;\n    -webkit-text-fill-color: transparent !important;\n    color: transparent !important;\n    \n    \/* ANIMACIJA - Smanjeno na 3s za br\u017ei i uo\u010dljiviji \"odsjaj\" *\/\n    animation: luxuryShimmerMove 3s linear infinite !important;\n    \n    \/* Senka koja daje dubinu zlatu *\/\n    filter: drop-shadow(0px 2px 5px rgba(0,0,0,0.3)) !important;\n}\n\n\/* 2. PODNASLOV *\/\n#locator-section-fix #shimmer-sub-text.premium-sub-ultra-compact {\n    font-family: -apple-system, BlinkMacSystemFont, sans-serif !important;\n    color: #b8860b !important;\n    font-size: 0.8rem !important;\n    letter-spacing: 6px !important;\n    margin-top: 15px !important;\n    text-transform: uppercase !important;\n    font-weight: 600 !important;\n}\n\n\/* 3. KONTEJNER *\/\n.luxury-full-width-shimmer-compact {\n    background-color: #000000 !important;\n    width: 100vw; \n    position: relative;\n    left: 50%;\n    transform: translateX(-50%);\n    padding: 50px 0;\n    text-align: center;\n    overflow: hidden;\n}\n\n.full-gold-line-compact {\n    width: 100%;\n    height: 1px;\n    background: linear-gradient(to right, transparent, #b8860b, transparent) !important;\n}\n\n\/* NOVA DEFINICIJA ANIMACIJE - Preciznija kretanja pozadine *\/\n@keyframes luxuryShimmerMove {\n    0% { background-position: 200% center; }\n    100% { background-position: -200% center; }\n}\n\n\/* ODZIVNOST ZA MOBITEL *\/\n@media (max-width: 768px) {\n    #locator-section-fix #shimmer-gold-text.shimmer-gold-ultra-compact { \n        font-size: 1.6rem !important; \n        letter-spacing: 4px !important; \n        background-size: 300% auto !important; \/* \u0160ira pozadina na mobitelu za bolji efekat *\/\n    }\n    #locator-section-fix #shimmer-sub-text.premium-sub-ultra-compact {\n        font-size: 0.65rem !important;\n        letter-spacing: 3px !important;\n    }\n    .luxury-full-width-shimmer-compact { padding: 35px 0; }\n}\n<\/style>\t\t\t\t<\/div>\n\t\t\t\t<\/div>\n\t\t\t\t\t<\/div>\n\t\t\t\t<\/div>\n\t\t<div class=\"elementor-element elementor-element-ba0e2e3 e-flex e-con-boxed e-con e-parent\" data-id=\"ba0e2e3\" data-element_type=\"container\" data-e-type=\"container\">\n\t\t\t\t\t<div class=\"e-con-inner\">\n\t\t\t\t<div class=\"elementor-element elementor-element-cfb8171 elementor-widget elementor-widget-global elementor-global-3757 elementor-widget-html\" data-id=\"cfb8171\" data-element_type=\"widget\" data-e-type=\"widget\" data-widget_type=\"html.default\">\n\t\t\t\t<div class=\"elementor-widget-container\">\n\t\t\t\t\t <link rel=\"stylesheet\" href=\"https:\/\/cdnjs.cloudflare.com\/ajax\/libs\/font-awesome\/6.4.2\/css\/all.min.css\">\n\n\n<div style=\"width: 100vw !important; position: relative !important; left: 50% !important; right: 50% !important; margin-left: -50vw !important; margin-right: -50vw !important; box-sizing: border-box !important; font-family: 'Montserrat', sans-serif !important; overflow: hidden !important;\">\n\n\n    <div style=\"background: #ffffff !important; padding: 40px 15px !important; border-top: 2px solid #b8860b !important;\">\n\n        <div style=\"max-width: 1140px; margin: 0 auto;\">\n\n            <div id=\"korzo-okidac\" onclick=\"toggleTrgovine()\" style=\"background: #000000; color: #ffffff; padding: 22px; text-align: center; font-weight: 800; letter-spacing: 4px; cursor: pointer; text-transform: uppercase; font-family: 'Playfair Display', serif; box-shadow: 0 10px 20px rgba(0,0,0,0.2);\">\n\n                LOKACIJE NA\u0160IH TRGOVINA <span id=\"strelica\">\u25bc<\/span>\n\n            <\/div>\n\n\n            <div id=\"trgovine-lista\" class=\"trgovine-grid\">\n\n                <div class=\"trgovina-kartica\">\n\n                    <div class=\"zlatna-linija\"><\/div>\n\n                    <h3 class=\"naslov-trgovine\">ZLATARNA KORZO<\/h3>\n\n                    <div class=\"img-okvir\">\n\n                        <img decoding=\"async\" src=\"https:\/\/zlatarnakorzo.ba\/wp-content\/uploads\/2026\/03\/zlatarnakorzo-106.webp\">\n\n                    <\/div>\n\n                    <div class=\"info\">\n\n                        <p><span class=\"label-tamna\">ADRESA:<\/span> <strong class=\"vrijednost-tamna\">Turalibegova 22, Tuzla<\/strong><\/p>\n\n                        <p><span class=\"label-tamna\">TELEFON:<\/span> <strong class=\"vrijednost-tamna\">+387 61 996 800<\/strong><\/p>\n\n                    <\/div>\n\n                    <a href=\"https:\/\/maps.google.com\/?q=Zlatarna+Korzo+Tuzla\" target=\"_blank\" class=\"map-btn\">PRONA\u0110I NAS NA MAPI<\/a>\n\n                <\/div>\n\n                \n\n                <div class=\"trgovina-kartica\">\n\n                    <div class=\"zlatna-linija\"><\/div>\n\n                    <h3 class=\"naslov-trgovine\">ZLATARNA KORZO 2<\/h3>\n\n                    <div class=\"img-okvir\">\n\n                        <img decoding=\"async\" src=\"https:\/\/zlatarnakorzo.ba\/wp-content\/uploads\/2026\/03\/zlatarnakorzo-62.webp\">\n\n                    <\/div>\n\n                    <div class=\"info\">\n\n                        <p><span class=\"label-tamna\">ADRESA:<\/span> <strong class=\"vrijednost-tamna\">\u0110or\u0111a Mihajlovi\u0107a 4, Tuzla<\/strong><\/p>\n\n                        <p><span class=\"label-tamna\">TELEFON:<\/span> <strong class=\"vrijednost-tamna\">+387 35 258 090<\/strong><\/p>\n\n                    <\/div>\n\n                    <a href=\"https:\/\/maps.google.com\/?q=Zlatarna+Korzo+2+Tuzla\" target=\"_blank\" class=\"map-btn\">PRONA\u0110I NAS NA MAPI<\/a>\n\n                <\/div>\n\n\n                <div class=\"trgovina-kartica\">\n\n                    <div class=\"zlatna-linija\"><\/div>\n\n                    <h3 class=\"naslov-trgovine\">ZLATARNA OSMI\u0106<\/h3>\n\n                    <div class=\"img-okvir\">\n\n                        <img decoding=\"async\" src=\"https:\/\/zlatarnakorzo.ba\/wp-content\/uploads\/2024\/10\/Lukavac.jpg\">\n\n                    <\/div>\n\n                    <div class=\"info\">\n\n                        <p><span class=\"label-tamna\">ADRESA:<\/span> <strong class=\"vrijednost-tamna\">Branilaca Bosne bb, Lukavac<\/strong><\/p>\n\n                        <p><span class=\"label-tamna\">TELEFON:<\/span> <strong class=\"vrijednost-tamna\">+387 35 554 500<\/strong><\/p>\n\n                    <\/div>\n\n                    <a href=\"https:\/\/maps.google.com\/?q=Zlatarna+Osmi\u0107+Lukavac\" target=\"_blank\" class=\"map-btn\">PRONA\u0110I NAS NA MAPI<\/a>\n\n                <\/div>\n\n            <\/div>\n\n        <\/div>\n\n    <\/div>\n\n\n    <div style=\"background: #ffffff !important; padding: 40px 20px !important; border-top: 1px solid #f0f0f0 !important;\">\n\n        <div style=\"max-width: 1200px; margin: 0 auto; border: 2px solid #1a1a1a; padding: 30px; text-align: center;\">\n\n            <div style=\"display: flex; justify-content: center; gap: 40px; flex-wrap: wrap;\">\n\n                <a href=\"viber:\/\/chat?number=%2B38761996800\" class=\"kontakt-link\"><i class=\"fa-brands fa-viber\" style=\"color: #7360f2;\"><\/i> Viber: +387 61 996 800<\/a>\n\n                <a href=\"https:\/\/wa.me\/38761996800\" class=\"kontakt-link\"><i class=\"fa-brands fa-whatsapp\" style=\"color: #25d366;\"><\/i> WhatsApp: +387 61 996 800<\/a>\n\n                <a href=\"tel:+38735257042\" class=\"kontakt-link\"><i class=\"fa-solid fa-phone-alt\" style=\"color: #b8860b;\"><\/i> Fiksni: +387 35 257 042<\/a>\n\n            <\/div>\n\n        <\/div>\n\n    <\/div>\n\n\n    <div style=\"background: #fffcf5 !important; padding: 60px 20px !important; border-top: 1px solid #f9f0d9 !important;\">\n\n        <div class=\"footer-grid\">\n\n            <div class=\"footer-col\">\n\n                <img decoding=\"async\" src=\"https:\/\/zlatarnakorzo.ba\/wp-content\/uploads\/2024\/10\/favicon-96x96-removebg-preview.png\" style=\"height: 85px; margin-bottom: 25px;\">\n\n                <div style=\"display: flex; justify-content: center; gap: 20px;\">\n\n                    <a href=\"https:\/\/www.facebook.com\/zlatarnakorzotuzla\" target=\"_blank\" class=\"korzo-social-icon\"><i class=\"fa-brands fa-facebook-f\"><\/i><\/a>\n\n                    <a href=\"https:\/\/www.instagram.com\/zlatarnakorzo\/\" target=\"_blank\" class=\"korzo-social-icon\"><i class=\"fa-brands fa-instagram\"><\/i><\/a>\n\n                    <a href=\"https:\/\/www.tiktok.com\/@zlatarna.korzo.tuzla\" target=\"_blank\" class=\"korzo-social-icon\"><i class=\"fa-brands fa-tiktok\"><\/i><\/a>\n\n                <\/div>\n\n            <\/div>\n\n            \n\n            <div class=\"footer-col\">\n\n                <h4 class=\"footer-h4\">NAVIGACIJA<\/h4>\n\n                <a href=\"https:\/\/zlatarnakorzo.ba\/\" class=\"footer-nav-link\">PO\u010cETNA<\/a>\n\n                <a href=\"https:\/\/zlatarnakorzo.ba\/?page_id=72\" class=\"footer-nav-link\">POKLON VODI\u010c<\/a>\n\n                <a href=\"https:\/\/zlatarnakorzo.ba\/?page_id=76\" class=\"footer-nav-link\">O NAMA<\/a>\n\n                <a href=\"https:\/\/zlatarnakorzo.ba\/?page_id=1384\" class=\"footer-nav-link\">ZANIMLJIVOSTI<\/a>\n\n            <\/div>\n\n\n            <div class=\"footer-col\">\n\n                <h4 class=\"footer-h4\">LOKACIJA<\/h4>\n\n                <p class=\"lokacija-text\">Turalibegova 22, Tuzla<br>Bosna i Hercegovina<br>zlatarnakorzo@gmail.com<\/p>\n\n            <\/div>\n\n        <\/div>\n\n    <\/div>\n\n\n    <div style=\"background: #f5f0e6 !important; color: #000000 !important; padding: 35px 20px !important; text-align: center !important; font-size: 12px !important; border-top: 2px solid #dcd3bd !important;\">\n\n        <div class=\"copyright-flex\">\n\n            <p style=\"margin: 0 !important; letter-spacing: 1px !important; font-weight: 700 !important; color: #000000 !important;\">\n\n                \u00a9 2026 <span style=\"color: #8b6d00 !important; font-weight: 900 !important;\">ZLATARNA KORZO<\/span>. SVA PRAVA ZADR\u017dAVA.\n\n            <\/p>\n\n            <div style=\"display: flex !important; gap: 25px !important;\">\n\n                <a href=\"https:\/\/zlatarnakorzo.ba\/?page_id=3642\" class=\"legal-link-fix\">POLICA PRIVATNOSTI<\/a>\n\n                <a href=\"https:\/\/zlatarnakorzo.ba\/?page_id=3645\" class=\"legal-link-fix\">UVJETI KORI\u0160TENJA<\/a>\n\n            <\/div>\n\n        <\/div>\n\n    <\/div>\n\n<\/div>\n\n\n<style>\n\n\/* --- KOREKCIJA GRIDA I SLIKA --- *\/\n\n.trgovine-grid {\n\n    display: none; \n\n    grid-template-columns: repeat(3, 1fr); \n\n    gap: 30px; \n\n    padding: 40px 0;\n\n}\n\n\n.trgovina-kartica { \n\n    background: #fff; \n\n    padding: 30px 15px; \n\n    border: 1px solid #eee; \n\n    text-align: center; \n\n    position: relative; \n\n    display: flex;\n\n    flex-direction: column;\n\n    justify-content: space-between;\n\n}\n\n\n.img-okvir {\n\n    width: 100%;\n\n    height: 250px; \/* FIKSNA VISINA ZA SVE SLIKE *\/\n\n    overflow: hidden;\n\n    margin-bottom: 20px;\n\n}\n\n\n.img-okvir img {\n\n    width: 100%;\n\n    height: 100%;\n\n    object-fit: cover; \/* SPRE\u010cAVA RAZVLA\u010cENJE SLIKE *\/\n\n    transition: 0.5s;\n\n}\n\n\n.trgovina-kartica:hover img { transform: scale(1.05); }\n\n\n.zlatna-linija { position: absolute; top: 0; left: 0; width: 100%; height: 4px; background: #b8860b; transform: translateX(-100%); transition: 0.6s; }\n\n.trgovina-kartica:hover .zlatna-linija { transform: translateX(0); }\n\n\n.naslov-trgovine { color: #000000 !important; font-family: 'Playfair Display', serif !important; font-weight: 800 !important; margin-bottom: 15px !important; text-transform: uppercase; font-size: 18px; }\n\n.label-tamna { display: block; font-size: 11px; color: #8b6d00; font-weight: 900; text-transform: uppercase; margin-bottom: 3px; }\n\n.vrijednost-tamna { color: #000000 !important; font-weight: 800 !important; font-size: 15px; }\n\n\n.kontakt-link { text-decoration: none !important; color: #000000 !important; font-weight: 800 !important; font-size: 16px !important; display: flex; align-items: center; gap: 8px; }\n\n\n.footer-grid { max-width: 1200px; margin: 0 auto; display: flex; justify-content: space-between; flex-wrap: wrap; gap: 40px; }\n\n.footer-col { flex: 1; text-align: center; min-width: 250px; }\n\n\n.footer-h4 { font-family: 'Playfair Display', serif !important; color: #8b6d00 !important; margin-bottom: 25px; font-weight: 800 !important; letter-spacing: 2px !important; text-transform: uppercase; }\n\n.footer-nav-link { display: block !important; color: #000000 !important; text-decoration: none !important; font-size: 15px !important; font-weight: 700 !important; margin-bottom: 12px !important; transition: 0.3s; text-transform: uppercase; }\n\n.footer-nav-link:hover { color: #b8860b !important; }\n\n\n.lokacija-text { color: #000000 !important; font-size: 15px !important; line-height: 1.8 !important; font-weight: 700 !important; }\n\n.korzo-social-icon { color: #8b6d00 !important; font-size: 28px !important; transition: 0.3s; text-decoration: none !important; }\n\n.korzo-social-icon:hover { color: #000000 !important; transform: scale(1.1); }\n\n\n.copyright-flex { max-width: 1200px !important; margin: 0 auto !important; display: flex !important; justify-content: space-between !important; align-items: center !important; flex-wrap: wrap !important; gap: 15px !important; }\n\n.legal-link-fix { color: #000000 !important; text-decoration: underline !important; font-weight: 800 !important; font-size: 12px !important; text-transform: uppercase; }\n\n\n.map-btn { display: inline-block; background: #000000; color: #ffffff !important; padding: 12px 20px; text-decoration: none; font-size: 12px; font-weight: 800; margin-top: auto; text-transform: uppercase; }\n\n\n\/* --- MOBILNA VERZIJA --- *\/\n\n@media (max-width: 850px) { \n\n    .trgovine-grid { \n\n        grid-template-columns: 1fr; \/* JEDNA KARTICA PO REDU *\/\n\n        padding: 20px 0;\n\n    }\n\n    .footer-grid { flex-direction: column !important; gap: 40px !important; text-align: center !important; }\n\n    .copyright-flex { justify-content: center !important; flex-direction: column !important; text-align: center !important; }\n\n    .img-okvir { height: 200px; }\n\n}\n\n<\/style>\n\n\n<script>\n\nfunction toggleTrgovine() {\n\n    var x = document.getElementById(\"trgovine-lista\");\n\n    var s = document.getElementById(\"strelica\");\n\n    \/\/ Provjera trenutnog stanja\n\n    if (x.style.display === \"grid\") { \n\n        x.style.display = \"none\"; \n\n        s.innerHTML = \"\u25bc\"; \n\n    } else { \n\n        \/\/ Na mobitelu grid treba da se prilagodi, media query u CSS-u brine o kolonama\n\n        x.style.display = \"grid\"; \n\n        s.innerHTML = \"\u25b2\"; \n\n    }\n\n}\n\n<\/script> \t\t\t\t<\/div>\n\t\t\t\t<\/div>\n\t\t\t\t\t<\/div>\n\t\t\t\t<\/div>\n\t\t\t\t<\/div>\n\t\t","protected":false},"excerpt":{"rendered":"<p>Na\u0161a pri\u010da ZLATARNA KORZO njeguje tradiciju izrade nakita od 1972. godine, pod vodstvom izvornih osniva\u010da koji su posve\u0107eni kreiranju komada koji spajaju naslje\u0111e i suvremeni dizajn. Na\u0161a posve\u0107enost kvaliteti i jedinstvenom stilu o\u010dituje se u svakom komadu, stvaraju\u0107i prepoznatljiv estetski potpis priznat \u0161irom svijeta. Kroz vi\u0161e od 50 godina iskustva, kombiniramo tradiciju i modernu eleganciju, [&hellip;]<\/p>\n","protected":false},"author":1,"featured_media":0,"parent":0,"menu_order":0,"comment_status":"closed","ping_status":"closed","template":"","meta":{"footnotes":""},"class_list":["post-76","page","type-page","status-publish","hentry"],"aioseo_notices":[],"_links":{"self":[{"href":"https:\/\/zlatarnakorzo.ba\/index.php?rest_route=\/wp\/v2\/pages\/76","targetHints":{"allow":["GET"]}}],"collection":[{"href":"https:\/\/zlatarnakorzo.ba\/index.php?rest_route=\/wp\/v2\/pages"}],"about":[{"href":"https:\/\/zlatarnakorzo.ba\/index.php?rest_route=\/wp\/v2\/types\/page"}],"author":[{"embeddable":true,"href":"https:\/\/zlatarnakorzo.ba\/index.php?rest_route=\/wp\/v2\/users\/1"}],"replies":[{"embeddable":true,"href":"https:\/\/zlatarnakorzo.ba\/index.php?rest_route=%2Fwp%2Fv2%2Fcomments&post=76"}],"version-history":[{"count":131,"href":"https:\/\/zlatarnakorzo.ba\/index.php?rest_route=\/wp\/v2\/pages\/76\/revisions"}],"predecessor-version":[{"id":3987,"href":"https:\/\/zlatarnakorzo.ba\/index.php?rest_route=\/wp\/v2\/pages\/76\/revisions\/3987"}],"wp:attachment":[{"href":"https:\/\/zlatarnakorzo.ba\/index.php?rest_route=%2Fwp%2Fv2%2Fmedia&parent=76"}],"curies":[{"name":"wp","href":"https:\/\/api.w.org\/{rel}","templated":true}]}}