{"id":2063,"date":"2024-12-16T01:46:52","date_gmt":"2024-12-16T01:46:52","guid":{"rendered":"https:\/\/zlatarnakorzo.ba\/?post_type=product&#038;p=2063"},"modified":"2024-12-16T01:47:10","modified_gmt":"2024-12-16T01:47:10","slug":"prsten-5","status":"publish","type":"product","link":"https:\/\/zlatarnakorzo.ba\/?product=prsten-5","title":{"rendered":"Prsten"},"content":{"rendered":"<div><span lang=\"BS-LATN-BA\">Prsten volumenskog izgleda. Kruna je razdvojena na lijevu i desnu stranu ujedno \u010dine\u0107i cjelinu kao blizanci. Prsten ukra\u0161ava Granat kamen. <\/span><\/div>\n","protected":false},"excerpt":{"rendered":"<p>Prsten volumenskog izgleda. Kruna je razdvojena na lijevu i desnu stranu ujedno \u010dine\u0107i cjelinu kao blizanci. Prsten ukra\u0161ava Granat kamen.<\/p>\n","protected":false},"featured_media":2064,"comment_status":"open","ping_status":"closed","template":"","meta":[],"product_brand":[],"product_cat":[18],"product_tag":[28],"class_list":{"0":"post-2063","1":"product","2":"type-product","3":"status-publish","4":"has-post-thumbnail","6":"product_cat-prstenje","7":"product_tag-novo","9":"first","10":"instock","11":"shipping-taxable","12":"product-type-simple"},"aioseo_notices":[],"_links":{"self":[{"href":"https:\/\/zlatarnakorzo.ba\/index.php?rest_route=\/wp\/v2\/product\/2063","targetHints":{"allow":["GET"]}}],"collection":[{"href":"https:\/\/zlatarnakorzo.ba\/index.php?rest_route=\/wp\/v2\/product"}],"about":[{"href":"https:\/\/zlatarnakorzo.ba\/index.php?rest_route=\/wp\/v2\/types\/product"}],"replies":[{"embeddable":true,"href":"https:\/\/zlatarnakorzo.ba\/index.php?rest_route=%2Fwp%2Fv2%2Fcomments&post=2063"}],"wp:featuredmedia":[{"embeddable":true,"href":"https:\/\/zlatarnakorzo.ba\/index.php?rest_route=\/wp\/v2\/media\/2064"}],"wp:attachment":[{"href":"https:\/\/zlatarnakorzo.ba\/index.php?rest_route=%2Fwp%2Fv2%2Fmedia&parent=2063"}],"wp:term":[{"taxonomy":"product_brand","embeddable":true,"href":"https:\/\/zlatarnakorzo.ba\/index.php?rest_route=%2Fwp%2Fv2%2Fproduct_brand&post=2063"},{"taxonomy":"product_cat","embeddable":true,"href":"https:\/\/zlatarnakorzo.ba\/index.php?rest_route=%2Fwp%2Fv2%2Fproduct_cat&post=2063"},{"taxonomy":"product_tag","embeddable":true,"href":"https:\/\/zlatarnakorzo.ba\/index.php?rest_route=%2Fwp%2Fv2%2Fproduct_tag&post=2063"}],"curies":[{"name":"wp","href":"https:\/\/api.w.org\/{rel}","templated":true}]}}