{"id":2067,"date":"2024-12-16T01:51:03","date_gmt":"2024-12-16T01:51:03","guid":{"rendered":"https:\/\/zlatarnakorzo.ba\/?post_type=product&#038;p=2067"},"modified":"2024-12-16T01:51:03","modified_gmt":"2024-12-16T01:51:03","slug":"prsten-6","status":"publish","type":"product","link":"https:\/\/zlatarnakorzo.ba\/?product=prsten-6","title":{"rendered":"Prsten"},"content":{"rendered":"<div><span lang=\"BS-LATN-BA\">Prsten neobi\u010dnih ravnih linija koje svojim polo\u017eajem prave asimertiju. Detalji koji krase povr\u0161inu su izra\u0111eni od Ametista i Peridot kamena.<\/span><\/div>\n","protected":false},"excerpt":{"rendered":"<p>Prsten neobi\u010dnih ravnih linija koje svojim polo\u017eajem prave asimertiju. Detalji koji krase povr\u0161inu su izra\u0111eni od Ametista i Peridot kamena.<\/p>\n","protected":false},"featured_media":2065,"comment_status":"open","ping_status":"closed","template":"","meta":[],"product_brand":[],"product_cat":[18],"product_tag":[],"class_list":{"0":"post-2067","1":"product","2":"type-product","3":"status-publish","4":"has-post-thumbnail","6":"product_cat-prstenje","8":"first","9":"instock","10":"shipping-taxable","11":"product-type-simple"},"aioseo_notices":[],"_links":{"self":[{"href":"https:\/\/zlatarnakorzo.ba\/index.php?rest_route=\/wp\/v2\/product\/2067","targetHints":{"allow":["GET"]}}],"collection":[{"href":"https:\/\/zlatarnakorzo.ba\/index.php?rest_route=\/wp\/v2\/product"}],"about":[{"href":"https:\/\/zlatarnakorzo.ba\/index.php?rest_route=\/wp\/v2\/types\/product"}],"replies":[{"embeddable":true,"href":"https:\/\/zlatarnakorzo.ba\/index.php?rest_route=%2Fwp%2Fv2%2Fcomments&post=2067"}],"wp:featuredmedia":[{"embeddable":true,"href":"https:\/\/zlatarnakorzo.ba\/index.php?rest_route=\/wp\/v2\/media\/2065"}],"wp:attachment":[{"href":"https:\/\/zlatarnakorzo.ba\/index.php?rest_route=%2Fwp%2Fv2%2Fmedia&parent=2067"}],"wp:term":[{"taxonomy":"product_brand","embeddable":true,"href":"https:\/\/zlatarnakorzo.ba\/index.php?rest_route=%2Fwp%2Fv2%2Fproduct_brand&post=2067"},{"taxonomy":"product_cat","embeddable":true,"href":"https:\/\/zlatarnakorzo.ba\/index.php?rest_route=%2Fwp%2Fv2%2Fproduct_cat&post=2067"},{"taxonomy":"product_tag","embeddable":true,"href":"https:\/\/zlatarnakorzo.ba\/index.php?rest_route=%2Fwp%2Fv2%2Fproduct_tag&post=2067"}],"curies":[{"name":"wp","href":"https:\/\/api.w.org\/{rel}","templated":true}]}}