{"id":251,"date":"2024-10-14T03:07:09","date_gmt":"2024-10-14T03:07:09","guid":{"rendered":"http:\/\/localhost:8888\/zlatarnakorzo\/?post_type=product&#038;p=251"},"modified":"2024-12-16T01:32:59","modified_gmt":"2024-12-16T01:32:59","slug":"prsten-2","status":"publish","type":"product","link":"https:\/\/zlatarnakorzo.ba\/?product=prsten-2","title":{"rendered":"Prsten"},"content":{"rendered":"<div><span lang=\"BS-LATN-BA\">Ne prolazna jednostavnost ugla\u0111enih linija koja odi\u0161e elegancijom sa pigmentacijom te\u010dnog kamena koji posebno daje fokus na njegov izgled.<\/span><\/div>\n","protected":false},"excerpt":{"rendered":"<p>Ne prolazna jednostavnost ugla\u0111enih linija koja odi\u0161e elegancijom sa pigmentacijom te\u010dnog kamena koji posebno daje fokus na njegov izgled.<\/p>\n","protected":false},"featured_media":2051,"comment_status":"open","ping_status":"closed","template":"","meta":[],"product_brand":[],"product_cat":[18],"product_tag":[],"class_list":{"0":"post-251","1":"product","2":"type-product","3":"status-publish","4":"has-post-thumbnail","6":"product_cat-prstenje","8":"first","9":"instock","10":"shipping-taxable","11":"product-type-simple"},"aioseo_notices":[],"_links":{"self":[{"href":"https:\/\/zlatarnakorzo.ba\/index.php?rest_route=\/wp\/v2\/product\/251","targetHints":{"allow":["GET"]}}],"collection":[{"href":"https:\/\/zlatarnakorzo.ba\/index.php?rest_route=\/wp\/v2\/product"}],"about":[{"href":"https:\/\/zlatarnakorzo.ba\/index.php?rest_route=\/wp\/v2\/types\/product"}],"replies":[{"embeddable":true,"href":"https:\/\/zlatarnakorzo.ba\/index.php?rest_route=%2Fwp%2Fv2%2Fcomments&post=251"}],"wp:featuredmedia":[{"embeddable":true,"href":"https:\/\/zlatarnakorzo.ba\/index.php?rest_route=\/wp\/v2\/media\/2051"}],"wp:attachment":[{"href":"https:\/\/zlatarnakorzo.ba\/index.php?rest_route=%2Fwp%2Fv2%2Fmedia&parent=251"}],"wp:term":[{"taxonomy":"product_brand","embeddable":true,"href":"https:\/\/zlatarnakorzo.ba\/index.php?rest_route=%2Fwp%2Fv2%2Fproduct_brand&post=251"},{"taxonomy":"product_cat","embeddable":true,"href":"https:\/\/zlatarnakorzo.ba\/index.php?rest_route=%2Fwp%2Fv2%2Fproduct_cat&post=251"},{"taxonomy":"product_tag","embeddable":true,"href":"https:\/\/zlatarnakorzo.ba\/index.php?rest_route=%2Fwp%2Fv2%2Fproduct_tag&post=251"}],"curies":[{"name":"wp","href":"https:\/\/api.w.org\/{rel}","templated":true}]}}