{"id":252,"date":"2024-10-14T03:10:57","date_gmt":"2024-10-14T03:10:57","guid":{"rendered":"http:\/\/localhost:8888\/zlatarnakorzo\/?post_type=product&#038;p=252"},"modified":"2025-02-03T23:30:25","modified_gmt":"2025-02-03T23:30:25","slug":"unikatni-prsten-3","status":"publish","type":"product","link":"https:\/\/zlatarnakorzo.ba\/?product=unikatni-prsten-3","title":{"rendered":"Prsten"},"content":{"rendered":"<p style=\"font-weight: 400;\">Prsten popularnog i zaobljenog oblika koji odi\u0161e puno\u0107om sa detaljima izra\u0111enim u kamenu Granat i Citrin kubic cirkonia.<\/p>\n","protected":false},"excerpt":{"rendered":"<p>Prsten popularnog i zaobljenog oblika koji odi\u0161e puno\u0107om sa detaljima izra\u0111enim u kamenu Granat i Citrin kubic cirkonia.<\/p>\n","protected":false},"featured_media":2053,"comment_status":"open","ping_status":"closed","template":"","meta":[],"product_brand":[],"product_cat":[18],"product_tag":[28],"class_list":{"0":"post-252","1":"product","2":"type-product","3":"status-publish","4":"has-post-thumbnail","6":"product_cat-prstenje","7":"product_tag-novo","9":"first","10":"instock","11":"shipping-taxable","12":"product-type-simple"},"aioseo_notices":[],"_links":{"self":[{"href":"https:\/\/zlatarnakorzo.ba\/index.php?rest_route=\/wp\/v2\/product\/252","targetHints":{"allow":["GET"]}}],"collection":[{"href":"https:\/\/zlatarnakorzo.ba\/index.php?rest_route=\/wp\/v2\/product"}],"about":[{"href":"https:\/\/zlatarnakorzo.ba\/index.php?rest_route=\/wp\/v2\/types\/product"}],"replies":[{"embeddable":true,"href":"https:\/\/zlatarnakorzo.ba\/index.php?rest_route=%2Fwp%2Fv2%2Fcomments&post=252"}],"wp:featuredmedia":[{"embeddable":true,"href":"https:\/\/zlatarnakorzo.ba\/index.php?rest_route=\/wp\/v2\/media\/2053"}],"wp:attachment":[{"href":"https:\/\/zlatarnakorzo.ba\/index.php?rest_route=%2Fwp%2Fv2%2Fmedia&parent=252"}],"wp:term":[{"taxonomy":"product_brand","embeddable":true,"href":"https:\/\/zlatarnakorzo.ba\/index.php?rest_route=%2Fwp%2Fv2%2Fproduct_brand&post=252"},{"taxonomy":"product_cat","embeddable":true,"href":"https:\/\/zlatarnakorzo.ba\/index.php?rest_route=%2Fwp%2Fv2%2Fproduct_cat&post=252"},{"taxonomy":"product_tag","embeddable":true,"href":"https:\/\/zlatarnakorzo.ba\/index.php?rest_route=%2Fwp%2Fv2%2Fproduct_tag&post=252"}],"curies":[{"name":"wp","href":"https:\/\/api.w.org\/{rel}","templated":true}]}}