{"id":260,"date":"2024-10-14T03:29:23","date_gmt":"2024-10-14T03:29:23","guid":{"rendered":"http:\/\/localhost:8888\/zlatarnakorzo\/?post_type=product&#038;p=260"},"modified":"2025-02-03T23:32:45","modified_gmt":"2025-02-03T23:32:45","slug":"prsten-zuto-zlato","status":"publish","type":"product","link":"https:\/\/zlatarnakorzo.ba\/?product=prsten-zuto-zlato","title":{"rendered":"Prsten"},"content":{"rendered":"<div class=\"flex max-w-full flex-col flex-grow\">\n<div class=\"min-h-8 text-message flex w-full flex-col items-end gap-2 whitespace-normal break-words [.text-message+&amp;]:mt-5\" dir=\"auto\" data-message-author-role=\"assistant\" data-message-id=\"666ba91f-fd44-4175-a343-3c7581563aff\" data-message-model-slug=\"gpt-4o\">\n<div class=\"flex w-full flex-col gap-1 empty:hidden first:pt-[3px]\">\n<div class=\"markdown prose w-full break-words dark:prose-invert light\">\n<p style=\"font-weight: 400;\">Prsten ne svakodnevnog izgleda izra\u0111en idejom Moebiusova traka po svojim jednostavnim svojstvima koje ova traka ima.<\/p>\n<p style=\"font-weight: 400;\">Mo\u017ee se opisati kao povr\u0161ina sa jednom stranom i jednom granicom \u0161to ga \u010dini zanimljivim primjerom u umjetnosti. Povr\u0161inu prstena krase detalji sa kamenom Topaz London Blue.<\/p>\n<\/div>\n<\/div>\n<\/div>\n<\/div>\n","protected":false},"excerpt":{"rendered":"<p>Prsten ne svakodnevnog izgleda izra\u0111en idejom Moebiusova traka po svojim jednostavnim svojstvima koje ova traka ima. Mo\u017ee se opisati kao povr\u0161ina sa jednom stranom i jednom granicom \u0161to ga \u010dini zanimljivim primjerom u umjetnosti. Povr\u0161inu prstena krase detalji sa kamenom Topaz London Blue.<\/p>\n","protected":false},"featured_media":2057,"comment_status":"open","ping_status":"closed","template":"","meta":[],"product_brand":[],"product_cat":[18],"product_tag":[28],"class_list":{"0":"post-260","1":"product","2":"type-product","3":"status-publish","4":"has-post-thumbnail","6":"product_cat-prstenje","7":"product_tag-novo","9":"first","10":"instock","11":"shipping-taxable","12":"product-type-simple"},"aioseo_notices":[],"_links":{"self":[{"href":"https:\/\/zlatarnakorzo.ba\/index.php?rest_route=\/wp\/v2\/product\/260","targetHints":{"allow":["GET"]}}],"collection":[{"href":"https:\/\/zlatarnakorzo.ba\/index.php?rest_route=\/wp\/v2\/product"}],"about":[{"href":"https:\/\/zlatarnakorzo.ba\/index.php?rest_route=\/wp\/v2\/types\/product"}],"replies":[{"embeddable":true,"href":"https:\/\/zlatarnakorzo.ba\/index.php?rest_route=%2Fwp%2Fv2%2Fcomments&post=260"}],"wp:featuredmedia":[{"embeddable":true,"href":"https:\/\/zlatarnakorzo.ba\/index.php?rest_route=\/wp\/v2\/media\/2057"}],"wp:attachment":[{"href":"https:\/\/zlatarnakorzo.ba\/index.php?rest_route=%2Fwp%2Fv2%2Fmedia&parent=260"}],"wp:term":[{"taxonomy":"product_brand","embeddable":true,"href":"https:\/\/zlatarnakorzo.ba\/index.php?rest_route=%2Fwp%2Fv2%2Fproduct_brand&post=260"},{"taxonomy":"product_cat","embeddable":true,"href":"https:\/\/zlatarnakorzo.ba\/index.php?rest_route=%2Fwp%2Fv2%2Fproduct_cat&post=260"},{"taxonomy":"product_tag","embeddable":true,"href":"https:\/\/zlatarnakorzo.ba\/index.php?rest_route=%2Fwp%2Fv2%2Fproduct_tag&post=260"}],"curies":[{"name":"wp","href":"https:\/\/api.w.org\/{rel}","templated":true}]}}