{"id":264,"date":"2024-10-14T03:50:19","date_gmt":"2024-10-14T03:50:19","guid":{"rendered":"http:\/\/localhost:8888\/zlatarnakorzo\/?post_type=product&#038;p=264"},"modified":"2025-02-03T23:34:05","modified_gmt":"2025-02-03T23:34:05","slug":"unikatni-prseten","status":"publish","type":"product","link":"https:\/\/zlatarnakorzo.ba\/?product=unikatni-prseten","title":{"rendered":"Prsten"},"content":{"rendered":"<p style=\"font-weight: 400;\">Prsten izra\u0111en u druga\u010dijoj formi izgleda koja svojom formom pokazuje njegovu jedinstvenost. Krunu krase zlatne povr\u0161ine koje prate formu kamena.<\/p>\n<p style=\"font-weight: 400;\">Detalji krune su izra\u0111eni u \u00a0Maslinastoj i Dijamantsko zlatnoj boji cubic cirkonia kamena.<\/p>\n","protected":false},"excerpt":{"rendered":"<p>Prsten izra\u0111en u druga\u010dijoj formi izgleda koja svojom formom pokazuje njegovu jedinstvenost. Krunu krase zlatne povr\u0161ine koje prate formu kamena. Detalji krune su izra\u0111eni u \u00a0Maslinastoj i Dijamantsko zlatnoj boji cubic cirkonia kamena.<\/p>\n","protected":false},"featured_media":2058,"comment_status":"open","ping_status":"closed","template":"","meta":[],"product_brand":[],"product_cat":[18],"product_tag":[28],"class_list":{"0":"post-264","1":"product","2":"type-product","3":"status-publish","4":"has-post-thumbnail","6":"product_cat-prstenje","7":"product_tag-novo","9":"first","10":"instock","11":"shipping-taxable","12":"product-type-simple"},"aioseo_notices":[],"_links":{"self":[{"href":"https:\/\/zlatarnakorzo.ba\/index.php?rest_route=\/wp\/v2\/product\/264","targetHints":{"allow":["GET"]}}],"collection":[{"href":"https:\/\/zlatarnakorzo.ba\/index.php?rest_route=\/wp\/v2\/product"}],"about":[{"href":"https:\/\/zlatarnakorzo.ba\/index.php?rest_route=\/wp\/v2\/types\/product"}],"replies":[{"embeddable":true,"href":"https:\/\/zlatarnakorzo.ba\/index.php?rest_route=%2Fwp%2Fv2%2Fcomments&post=264"}],"wp:featuredmedia":[{"embeddable":true,"href":"https:\/\/zlatarnakorzo.ba\/index.php?rest_route=\/wp\/v2\/media\/2058"}],"wp:attachment":[{"href":"https:\/\/zlatarnakorzo.ba\/index.php?rest_route=%2Fwp%2Fv2%2Fmedia&parent=264"}],"wp:term":[{"taxonomy":"product_brand","embeddable":true,"href":"https:\/\/zlatarnakorzo.ba\/index.php?rest_route=%2Fwp%2Fv2%2Fproduct_brand&post=264"},{"taxonomy":"product_cat","embeddable":true,"href":"https:\/\/zlatarnakorzo.ba\/index.php?rest_route=%2Fwp%2Fv2%2Fproduct_cat&post=264"},{"taxonomy":"product_tag","embeddable":true,"href":"https:\/\/zlatarnakorzo.ba\/index.php?rest_route=%2Fwp%2Fv2%2Fproduct_tag&post=264"}],"curies":[{"name":"wp","href":"https:\/\/api.w.org\/{rel}","templated":true}]}}