{"id":266,"date":"2024-10-14T03:55:28","date_gmt":"2024-10-14T03:55:28","guid":{"rendered":"http:\/\/localhost:8888\/zlatarnakorzo\/?post_type=product&#038;p=266"},"modified":"2025-02-03T23:25:38","modified_gmt":"2025-02-03T23:25:38","slug":"prsten-4","status":"publish","type":"product","link":"https:\/\/zlatarnakorzo.ba\/?product=prsten-4","title":{"rendered":"Prsten"},"content":{"rendered":"<p style=\"font-weight: 400;\">Prsten bogatog izgleda. Kruna je razdvojena na lijevu i desnu stranu zavr\u0161avaju\u0107i sa bogato ukra\u0161enim krunama ujedno \u010dine\u0107i bogatu cjelinu kao blizanci.<\/p>\n<p style=\"font-weight: 400;\">Detalji na kruni i bo\u010dnim stranama burme izra\u0111eni su sa Maslinasto i Dijamantsko zlatnom bojom kubic cirkonia kamenom.<\/p>\n<p style=\"font-weight: 400;\">\n","protected":false},"excerpt":{"rendered":"<p>Prsten bogatog izgleda. Kruna je razdvojena na lijevu i desnu stranu zavr\u0161avaju\u0107i sa bogato ukra\u0161enim krunama ujedno \u010dine\u0107i bogatu cjelinu kao blizanci. Detalji na kruni i bo\u010dnim stranama burme izra\u0111eni su sa Maslinasto i Dijamantsko zlatnom bojom kubic cirkonia kamenom.<\/p>\n","protected":false},"featured_media":2060,"comment_status":"open","ping_status":"closed","template":"","meta":[],"product_brand":[],"product_cat":[18],"product_tag":[28],"class_list":{"0":"post-266","1":"product","2":"type-product","3":"status-publish","4":"has-post-thumbnail","6":"product_cat-prstenje","7":"product_tag-novo","9":"first","10":"instock","11":"shipping-taxable","12":"product-type-simple"},"aioseo_notices":[],"_links":{"self":[{"href":"https:\/\/zlatarnakorzo.ba\/index.php?rest_route=\/wp\/v2\/product\/266","targetHints":{"allow":["GET"]}}],"collection":[{"href":"https:\/\/zlatarnakorzo.ba\/index.php?rest_route=\/wp\/v2\/product"}],"about":[{"href":"https:\/\/zlatarnakorzo.ba\/index.php?rest_route=\/wp\/v2\/types\/product"}],"replies":[{"embeddable":true,"href":"https:\/\/zlatarnakorzo.ba\/index.php?rest_route=%2Fwp%2Fv2%2Fcomments&post=266"}],"wp:featuredmedia":[{"embeddable":true,"href":"https:\/\/zlatarnakorzo.ba\/index.php?rest_route=\/wp\/v2\/media\/2060"}],"wp:attachment":[{"href":"https:\/\/zlatarnakorzo.ba\/index.php?rest_route=%2Fwp%2Fv2%2Fmedia&parent=266"}],"wp:term":[{"taxonomy":"product_brand","embeddable":true,"href":"https:\/\/zlatarnakorzo.ba\/index.php?rest_route=%2Fwp%2Fv2%2Fproduct_brand&post=266"},{"taxonomy":"product_cat","embeddable":true,"href":"https:\/\/zlatarnakorzo.ba\/index.php?rest_route=%2Fwp%2Fv2%2Fproduct_cat&post=266"},{"taxonomy":"product_tag","embeddable":true,"href":"https:\/\/zlatarnakorzo.ba\/index.php?rest_route=%2Fwp%2Fv2%2Fproduct_tag&post=266"}],"curies":[{"name":"wp","href":"https:\/\/api.w.org\/{rel}","templated":true}]}}